{"id":87,"date":"2013-12-05T16:05:10","date_gmt":"2013-12-05T15:05:10","guid":{"rendered":"http:\/\/www.muehlauer-muller.at\/CMS\/?page_id=87"},"modified":"2015-01-31T17:14:03","modified_gmt":"2015-01-31T16:14:03","slug":"videos","status":"publish","type":"page","link":"https:\/\/www.muehlauer-muller.at\/CMS\/videos\/","title":{"rendered":"Videos"},"content":{"rendered":"<p><iframe loading=\"lazy\" src=\"\/\/www.youtube.com\/embed\/I5wd-TF1ksk\" height=\"315\" width=\"560\" allowfullscreen=\"\" frameborder=\"0\"><\/iframe><\/p>\n<p><iframe loading=\"lazy\" src=\"\/\/www.youtube.com\/embed\/z1-q5zDu8PM\" height=\"315\" width=\"560\" allowfullscreen=\"\" frameborder=\"0\"><\/iframe><\/p>\n<div id=\"fb-root\"><\/div>\n<p> <script>(function(d, s, id) { var js, fjs = d.getElementsByTagName(s)[0]; if (d.getElementById(id)) return; js = d.createElement(s); js.id = id; js.src = \"\/\/connect.facebook.net\/de_DE\/all.js#xfbml=1\"; fjs.parentNode.insertBefore(js, fjs); }(document, 'script', 'facebook-jssdk'));<\/script><\/p>\n<div class=\"fb-post\" data-href=\"https:\/\/www.facebook.com\/photo.php?v=555310671160270\" data-width=\"550\">\n<div class=\"fb-xfbml-parse-ignore\"><a href=\"https:\/\/www.facebook.com\/photo.php?v=555310671160270\">Beitrag<\/a> von <a href=\"https:\/\/www.facebook.com\/Feuerwehr.Muehlau\">Feuerwehr M\u00fchlau<\/a>.<\/div>\n<\/div>\n<div id=\"fb-root\"><\/div>\n<p> <script>(function(d, s, id) { var js, fjs = d.getElementsByTagName(s)[0]; if (d.getElementById(id)) return; js = d.createElement(s); js.id = id; js.src = \"\/\/connect.facebook.net\/de_DE\/all.js#xfbml=1\"; fjs.parentNode.insertBefore(js, fjs); }(document, 'script', 'facebook-jssdk'));<\/script><\/p>\n<div class=\"fb-post\" data-href=\"https:\/\/www.facebook.com\/video.php?v=783928624989205\" data-width=\"466\">\n<div class=\"fb-xfbml-parse-ignore\"><a href=\"https:\/\/www.facebook.com\/video.php?v=783928624989205\">Beitrag<\/a> von <a href=\"https:\/\/www.facebook.com\/pages\/M%C3%BChlauer-Muller\/307246025990803\">M\u00fchlauer Muller<\/a>.<\/div>\n<\/div>\n","protected":false},"excerpt":{"rendered":"<p>Beitrag von Feuerwehr M\u00fchlau. Beitrag von M\u00fchlauer Muller.<\/p>\n","protected":false},"author":1,"featured_media":0,"parent":0,"menu_order":0,"comment_status":"closed","ping_status":"closed","template":"","meta":{"footnotes":""},"class_list":["post-87","page","type-page","status-publish","hentry"],"yoast_head":"<!-- This site is optimized with the Yoast SEO plugin v26.6 - https:\/\/yoast.com\/wordpress\/plugins\/seo\/ -->\n<title>Videos - M\u00fchlauer Muller<\/title>\n<meta name=\"robots\" content=\"index, follow, max-snippet:-1, max-image-preview:large, max-video-preview:-1\" \/>\n<link rel=\"canonical\" href=\"https:\/\/www.muehlauer-muller.at\/CMS\/videos\/\" \/>\n<meta property=\"og:locale\" content=\"de_DE\" \/>\n<meta property=\"og:type\" content=\"article\" \/>\n<meta property=\"og:title\" content=\"Videos - M\u00fchlauer Muller\" \/>\n<meta property=\"og:description\" content=\"Beitrag von Feuerwehr M\u00fchlau. Beitrag von M\u00fchlauer Muller.\" \/>\n<meta property=\"og:url\" content=\"https:\/\/www.muehlauer-muller.at\/CMS\/videos\/\" \/>\n<meta property=\"og:site_name\" content=\"M\u00fchlauer Muller\" \/>\n<meta property=\"article:modified_time\" content=\"2015-01-31T16:14:03+00:00\" \/>\n<script type=\"application\/ld+json\" class=\"yoast-schema-graph\">{\"@context\":\"https:\/\/schema.org\",\"@graph\":[{\"@type\":\"WebPage\",\"@id\":\"https:\/\/www.muehlauer-muller.at\/CMS\/videos\/\",\"url\":\"https:\/\/www.muehlauer-muller.at\/CMS\/videos\/\",\"name\":\"Videos - M\u00fchlauer Muller\",\"isPartOf\":{\"@id\":\"https:\/\/www.muehlauer-muller.at\/CMS\/#website\"},\"datePublished\":\"2013-12-05T15:05:10+00:00\",\"dateModified\":\"2015-01-31T16:14:03+00:00\",\"breadcrumb\":{\"@id\":\"https:\/\/www.muehlauer-muller.at\/CMS\/videos\/#breadcrumb\"},\"inLanguage\":\"de\",\"potentialAction\":[{\"@type\":\"ReadAction\",\"target\":[\"https:\/\/www.muehlauer-muller.at\/CMS\/videos\/\"]}]},{\"@type\":\"BreadcrumbList\",\"@id\":\"https:\/\/www.muehlauer-muller.at\/CMS\/videos\/#breadcrumb\",\"itemListElement\":[{\"@type\":\"ListItem\",\"position\":1,\"name\":\"Home\",\"item\":\"https:\/\/www.muehlauer-muller.at\/CMS\/\"},{\"@type\":\"ListItem\",\"position\":2,\"name\":\"Videos\"}]},{\"@type\":\"WebSite\",\"@id\":\"https:\/\/www.muehlauer-muller.at\/CMS\/#website\",\"url\":\"https:\/\/www.muehlauer-muller.at\/CMS\/\",\"name\":\"M\u00fchlauer Muller\",\"description\":\"Willkommen auf unserer Website\",\"potentialAction\":[{\"@type\":\"SearchAction\",\"target\":{\"@type\":\"EntryPoint\",\"urlTemplate\":\"https:\/\/www.muehlauer-muller.at\/CMS\/?s={search_term_string}\"},\"query-input\":{\"@type\":\"PropertyValueSpecification\",\"valueRequired\":true,\"valueName\":\"search_term_string\"}}],\"inLanguage\":\"de\"}]}<\/script>\n<!-- \/ Yoast SEO plugin. -->","yoast_head_json":{"title":"Videos - M\u00fchlauer Muller","robots":{"index":"index","follow":"follow","max-snippet":"max-snippet:-1","max-image-preview":"max-image-preview:large","max-video-preview":"max-video-preview:-1"},"canonical":"https:\/\/www.muehlauer-muller.at\/CMS\/videos\/","og_locale":"de_DE","og_type":"article","og_title":"Videos - M\u00fchlauer Muller","og_description":"Beitrag von Feuerwehr M\u00fchlau. Beitrag von M\u00fchlauer Muller.","og_url":"https:\/\/www.muehlauer-muller.at\/CMS\/videos\/","og_site_name":"M\u00fchlauer Muller","article_modified_time":"2015-01-31T16:14:03+00:00","schema":{"@context":"https:\/\/schema.org","@graph":[{"@type":"WebPage","@id":"https:\/\/www.muehlauer-muller.at\/CMS\/videos\/","url":"https:\/\/www.muehlauer-muller.at\/CMS\/videos\/","name":"Videos - M\u00fchlauer Muller","isPartOf":{"@id":"https:\/\/www.muehlauer-muller.at\/CMS\/#website"},"datePublished":"2013-12-05T15:05:10+00:00","dateModified":"2015-01-31T16:14:03+00:00","breadcrumb":{"@id":"https:\/\/www.muehlauer-muller.at\/CMS\/videos\/#breadcrumb"},"inLanguage":"de","potentialAction":[{"@type":"ReadAction","target":["https:\/\/www.muehlauer-muller.at\/CMS\/videos\/"]}]},{"@type":"BreadcrumbList","@id":"https:\/\/www.muehlauer-muller.at\/CMS\/videos\/#breadcrumb","itemListElement":[{"@type":"ListItem","position":1,"name":"Home","item":"https:\/\/www.muehlauer-muller.at\/CMS\/"},{"@type":"ListItem","position":2,"name":"Videos"}]},{"@type":"WebSite","@id":"https:\/\/www.muehlauer-muller.at\/CMS\/#website","url":"https:\/\/www.muehlauer-muller.at\/CMS\/","name":"M\u00fchlauer Muller","description":"Willkommen auf unserer Website","potentialAction":[{"@type":"SearchAction","target":{"@type":"EntryPoint","urlTemplate":"https:\/\/www.muehlauer-muller.at\/CMS\/?s={search_term_string}"},"query-input":{"@type":"PropertyValueSpecification","valueRequired":true,"valueName":"search_term_string"}}],"inLanguage":"de"}]}},"_links":{"self":[{"href":"https:\/\/www.muehlauer-muller.at\/CMS\/wp-json\/wp\/v2\/pages\/87","targetHints":{"allow":["GET"]}}],"collection":[{"href":"https:\/\/www.muehlauer-muller.at\/CMS\/wp-json\/wp\/v2\/pages"}],"about":[{"href":"https:\/\/www.muehlauer-muller.at\/CMS\/wp-json\/wp\/v2\/types\/page"}],"author":[{"embeddable":true,"href":"https:\/\/www.muehlauer-muller.at\/CMS\/wp-json\/wp\/v2\/users\/1"}],"replies":[{"embeddable":true,"href":"https:\/\/www.muehlauer-muller.at\/CMS\/wp-json\/wp\/v2\/comments?post=87"}],"version-history":[{"count":4,"href":"https:\/\/www.muehlauer-muller.at\/CMS\/wp-json\/wp\/v2\/pages\/87\/revisions"}],"predecessor-version":[{"id":255,"href":"https:\/\/www.muehlauer-muller.at\/CMS\/wp-json\/wp\/v2\/pages\/87\/revisions\/255"}],"wp:attachment":[{"href":"https:\/\/www.muehlauer-muller.at\/CMS\/wp-json\/wp\/v2\/media?parent=87"}],"curies":[{"name":"wp","href":"https:\/\/api.w.org\/{rel}","templated":true}]}}