{"id":78,"date":"2013-12-05T08:51:56","date_gmt":"2013-12-05T07:51:56","guid":{"rendered":"http:\/\/www.muehlauer-muller.at\/CMS\/?page_id=78"},"modified":"2025-02-11T17:34:58","modified_gmt":"2025-02-11T16:34:58","slug":"home","status":"publish","type":"page","link":"https:\/\/www.muehlauer-muller.at\/CMS\/","title":{"rendered":"Willkommen auf unserer Homepage"},"content":{"rendered":"<div data-colibri-id=\"78-c1\" class=\"style-168 style-local-78-c1 position-relative\">\n  <!---->\n  <div data-colibri-component=\"section\" data-colibri-id=\"78-c2\" id=\"initial-content\" class=\"h-section h-section-global-spacing d-flex align-items-lg-center align-items-md-center align-items-center style-169 style-local-78-c2 position-relative\">\n    <!---->\n    <!---->\n    <div class=\"h-section-grid-container h-section-boxed-container\">\n      <!---->\n      <div data-colibri-id=\"78-c3\" class=\"h-row-container gutters-row-lg-2 gutters-row-md-2 gutters-row-0 gutters-row-v-lg-2 gutters-row-v-md-2 gutters-row-v-2 style-170 style-local-78-c3 position-relative\">\n        <!---->\n        <div class=\"h-row justify-content-lg-center justify-content-md-center justify-content-center align-items-lg-stretch align-items-md-stretch align-items-stretch gutters-col-lg-2 gutters-col-md-2 gutters-col-0 gutters-col-v-lg-2 gutters-col-v-md-2 gutters-col-v-2\">\n          <!---->\n          <div class=\"h-column h-column-container d-flex h-col-lg-auto h-col-md-auto h-col-auto style-171-outer style-local-78-c4-outer\">\n            <div data-colibri-id=\"78-c4\" class=\"d-flex h-flex-basis h-column__inner h-px-lg-2 h-px-md-2 h-px-2 v-inner-lg-2 v-inner-md-2 v-inner-2 style-171 style-local-78-c4 position-relative\">\n              <!---->\n              <!---->\n              <div class=\"w-100 h-y-container h-column__content h-column__v-align flex-basis-100 align-self-lg-start align-self-md-start align-self-start\">\n                <!---->\n                <div data-colibri-id=\"78-c5\" class=\"style-172 style-local-78-c5 position-relative h-element\">\n                  <!---->\n                  <div>Herzlich Willkommen auf unserer neuen Homepage. Hier erhalten Sie top aktuelle Berichte \u00fcber Auftritte und anderweitige Aktivit\u00e4ten, Interessantes \u00fcber unseren geschichtlichen Werdegang und allgemeine Informationen \u00fcber die M\u00fchlauer\n                    Muller. Wir w\u00fcnschen viel Spa\u00df beim Durchst\u00f6bern der Seite!\n\n                    <img loading=\"lazy\" decoding=\"async\" class=\"alignnone\" src=\"http:\/\/www.muehlauer-muller.at\/Images\/symbol\" alt=\"\" width=\"410\" height=\"368\">\n                  <\/div>\n                <\/div>\n              <\/div>\n            <\/div>\n          <\/div>\n        <\/div>\n      <\/div>\n    <\/div>\n  <\/div>\n  <div data-colibri-component=\"section\" data-colibri-id=\"78-c6\" id=\"custom\" class=\"h-section h-section-global-spacing d-flex align-items-lg-center align-items-md-center align-items-center style-173 style-local-78-c6 position-relative\">\n    <!---->\n    <!---->\n    <div class=\"h-section-grid-container h-section-fluid-container\">\n      <!---->\n      <div data-colibri-id=\"78-c7\" class=\"h-row-container gutters-row-lg-2 gutters-row-md-2 gutters-row-0 gutters-row-v-lg-2 gutters-row-v-md-2 gutters-row-v-2 style-174 style-local-78-c7 position-relative\">\n        <!---->\n        <div class=\"h-row justify-content-lg-center justify-content-md-center justify-content-center align-items-lg-stretch align-items-md-stretch align-items-stretch gutters-col-lg-2 gutters-col-md-2 gutters-col-0 gutters-col-v-lg-2 gutters-col-v-md-2 gutters-col-v-2\">\n          <!---->\n          <div class=\"h-column h-column-container d-flex h-col-lg-auto h-col-md-auto h-col-auto style-175-outer style-local-78-c8-outer\">\n            <div data-colibri-id=\"78-c8\" class=\"d-flex h-flex-basis h-column__inner h-px-lg-2 h-px-md-2 h-px-2 v-inner-lg-2 v-inner-md-2 v-inner-2 style-175 style-local-78-c8 position-relative\">\n              <!---->\n              <!---->\n              <div class=\"w-100 h-y-container h-column__content h-column__v-align flex-basis-100 align-self-lg-start align-self-md-start align-self-start\">\n                <!---->\n                <div data-colibri-id=\"78-c9\" class=\"d-block style-176 style-local-78-c9 position-relative h-element\">\n                  <!---->\n                  <div class=\"h-image__frame-container-outer\">\n                    <div class=\"h-image__frame-container\">\n                      <!---->\n                      <!---->\n                      <img loading=\"lazy\" decoding=\"async\" width=\"1108\" height=\"1568\" src=\"https:\/\/www.muehlauer-muller.at\/CMS\/wp-content\/uploads\/2025\/02\/Plakat-ausverkauft.jpg\" class=\"wp-image-692 style-176-image style-local-78-c9-image\" alt=\"\" srcset=\"https:\/\/www.muehlauer-muller.at\/CMS\/wp-content\/uploads\/2025\/02\/Plakat-ausverkauft.jpg 1108w, https:\/\/www.muehlauer-muller.at\/CMS\/wp-content\/uploads\/2025\/02\/Plakat-ausverkauft-768x1087.jpg 768w, https:\/\/www.muehlauer-muller.at\/CMS\/wp-content\/uploads\/2025\/02\/Plakat-ausverkauft-1085x1536.jpg 1085w\" sizes=\"auto, (max-width: 1108px) 100vw, 1108px\" \/>\n                      <div class=\"h-image__frame h-hide-lg h-hide-md h-hide-sm style-176-frameImage style-local-78-c9-frameImage\"><\/div>\n                    <\/div>\n                  <\/div>\n                <\/div>\n              <\/div>\n            <\/div>\n          <\/div>\n        <\/div>\n      <\/div>\n    <\/div>\n  <\/div>\n<\/div>","protected":false},"excerpt":{"rendered":"<p>Herzlich Willkommen auf unserer neuen Homepage. Hier erhalten Sie top aktuelle Berichte \u00fcber Auftritte und anderweitige Aktivit\u00e4ten, Interessantes \u00fcber unseren geschichtlichen Werdegang und allgemeine Informationen \u00fcber die M\u00fchlauer Muller. Wir w\u00fcnschen viel Spa\u00df beim Durchst\u00f6bern der Seite!<\/p>\n","protected":false},"author":1,"featured_media":0,"parent":0,"menu_order":0,"comment_status":"closed","ping_status":"closed","template":"page-templates\/full-width-page.php","meta":{"footnotes":""},"class_list":["post-78","page","type-page","status-publish","hentry"],"yoast_head":"<!-- This site is optimized with the Yoast SEO plugin v26.6 - https:\/\/yoast.com\/wordpress\/plugins\/seo\/ -->\n<title>Willkommen auf unserer Homepage - M\u00fchlauer Muller<\/title>\n<meta name=\"robots\" content=\"index, follow, max-snippet:-1, max-image-preview:large, max-video-preview:-1\" \/>\n<link rel=\"canonical\" href=\"https:\/\/www.muehlauer-muller.at\/CMS\/\" \/>\n<meta property=\"og:locale\" content=\"de_DE\" \/>\n<meta property=\"og:type\" content=\"article\" \/>\n<meta property=\"og:title\" content=\"Willkommen auf unserer Homepage - M\u00fchlauer Muller\" \/>\n<meta property=\"og:description\" content=\"Herzlich Willkommen auf unserer neuen Homepage. Hier erhalten Sie top aktuelle Berichte \u00fcber Auftritte und anderweitige Aktivit\u00e4ten, Interessantes \u00fcber unseren geschichtlichen Werdegang und allgemeine Informationen \u00fcber die M\u00fchlauer Muller. Wir w\u00fcnschen viel Spa\u00df beim Durchst\u00f6bern der Seite!\" \/>\n<meta property=\"og:url\" content=\"https:\/\/www.muehlauer-muller.at\/CMS\/\" \/>\n<meta property=\"og:site_name\" content=\"M\u00fchlauer Muller\" \/>\n<meta property=\"article:modified_time\" content=\"2025-02-11T16:34:58+00:00\" \/>\n<meta property=\"og:image\" content=\"http:\/\/www.muehlauer-muller.at\/Images\/symbol\" \/>\n<meta name=\"twitter:label1\" content=\"Gesch\u00e4tzte Lesezeit\" \/>\n\t<meta name=\"twitter:data1\" content=\"1\u00a0Minute\" \/>\n<script type=\"application\/ld+json\" class=\"yoast-schema-graph\">{\"@context\":\"https:\/\/schema.org\",\"@graph\":[{\"@type\":\"WebPage\",\"@id\":\"https:\/\/www.muehlauer-muller.at\/CMS\/\",\"url\":\"https:\/\/www.muehlauer-muller.at\/CMS\/\",\"name\":\"Willkommen auf unserer Homepage - M\u00fchlauer Muller\",\"isPartOf\":{\"@id\":\"https:\/\/www.muehlauer-muller.at\/CMS\/#website\"},\"primaryImageOfPage\":{\"@id\":\"https:\/\/www.muehlauer-muller.at\/CMS\/#primaryimage\"},\"image\":{\"@id\":\"https:\/\/www.muehlauer-muller.at\/CMS\/#primaryimage\"},\"thumbnailUrl\":\"http:\/\/www.muehlauer-muller.at\/Images\/symbol\",\"datePublished\":\"2013-12-05T07:51:56+00:00\",\"dateModified\":\"2025-02-11T16:34:58+00:00\",\"breadcrumb\":{\"@id\":\"https:\/\/www.muehlauer-muller.at\/CMS\/#breadcrumb\"},\"inLanguage\":\"de\",\"potentialAction\":[{\"@type\":\"ReadAction\",\"target\":[\"https:\/\/www.muehlauer-muller.at\/CMS\/\"]}]},{\"@type\":\"ImageObject\",\"inLanguage\":\"de\",\"@id\":\"https:\/\/www.muehlauer-muller.at\/CMS\/#primaryimage\",\"url\":\"http:\/\/www.muehlauer-muller.at\/Images\/symbol\",\"contentUrl\":\"http:\/\/www.muehlauer-muller.at\/Images\/symbol\"},{\"@type\":\"BreadcrumbList\",\"@id\":\"https:\/\/www.muehlauer-muller.at\/CMS\/#breadcrumb\",\"itemListElement\":[{\"@type\":\"ListItem\",\"position\":1,\"name\":\"Home\",\"item\":\"https:\/\/www.muehlauer-muller.at\/CMS\/\"},{\"@type\":\"ListItem\",\"position\":2,\"name\":\"Willkommen auf unserer Homepage\"}]},{\"@type\":\"WebSite\",\"@id\":\"https:\/\/www.muehlauer-muller.at\/CMS\/#website\",\"url\":\"https:\/\/www.muehlauer-muller.at\/CMS\/\",\"name\":\"M\u00fchlauer Muller\",\"description\":\"Willkommen auf unserer Website\",\"potentialAction\":[{\"@type\":\"SearchAction\",\"target\":{\"@type\":\"EntryPoint\",\"urlTemplate\":\"https:\/\/www.muehlauer-muller.at\/CMS\/?s={search_term_string}\"},\"query-input\":{\"@type\":\"PropertyValueSpecification\",\"valueRequired\":true,\"valueName\":\"search_term_string\"}}],\"inLanguage\":\"de\"}]}<\/script>\n<!-- \/ Yoast SEO plugin. -->","yoast_head_json":{"title":"Willkommen auf unserer Homepage - M\u00fchlauer Muller","robots":{"index":"index","follow":"follow","max-snippet":"max-snippet:-1","max-image-preview":"max-image-preview:large","max-video-preview":"max-video-preview:-1"},"canonical":"https:\/\/www.muehlauer-muller.at\/CMS\/","og_locale":"de_DE","og_type":"article","og_title":"Willkommen auf unserer Homepage - M\u00fchlauer Muller","og_description":"Herzlich Willkommen auf unserer neuen Homepage. Hier erhalten Sie top aktuelle Berichte \u00fcber Auftritte und anderweitige Aktivit\u00e4ten, Interessantes \u00fcber unseren geschichtlichen Werdegang und allgemeine Informationen \u00fcber die M\u00fchlauer Muller. Wir w\u00fcnschen viel Spa\u00df beim Durchst\u00f6bern der Seite!","og_url":"https:\/\/www.muehlauer-muller.at\/CMS\/","og_site_name":"M\u00fchlauer Muller","article_modified_time":"2025-02-11T16:34:58+00:00","og_image":[{"url":"http:\/\/www.muehlauer-muller.at\/Images\/symbol","type":"","width":"","height":""}],"twitter_misc":{"Gesch\u00e4tzte Lesezeit":"1\u00a0Minute"},"schema":{"@context":"https:\/\/schema.org","@graph":[{"@type":"WebPage","@id":"https:\/\/www.muehlauer-muller.at\/CMS\/","url":"https:\/\/www.muehlauer-muller.at\/CMS\/","name":"Willkommen auf unserer Homepage - M\u00fchlauer Muller","isPartOf":{"@id":"https:\/\/www.muehlauer-muller.at\/CMS\/#website"},"primaryImageOfPage":{"@id":"https:\/\/www.muehlauer-muller.at\/CMS\/#primaryimage"},"image":{"@id":"https:\/\/www.muehlauer-muller.at\/CMS\/#primaryimage"},"thumbnailUrl":"http:\/\/www.muehlauer-muller.at\/Images\/symbol","datePublished":"2013-12-05T07:51:56+00:00","dateModified":"2025-02-11T16:34:58+00:00","breadcrumb":{"@id":"https:\/\/www.muehlauer-muller.at\/CMS\/#breadcrumb"},"inLanguage":"de","potentialAction":[{"@type":"ReadAction","target":["https:\/\/www.muehlauer-muller.at\/CMS\/"]}]},{"@type":"ImageObject","inLanguage":"de","@id":"https:\/\/www.muehlauer-muller.at\/CMS\/#primaryimage","url":"http:\/\/www.muehlauer-muller.at\/Images\/symbol","contentUrl":"http:\/\/www.muehlauer-muller.at\/Images\/symbol"},{"@type":"BreadcrumbList","@id":"https:\/\/www.muehlauer-muller.at\/CMS\/#breadcrumb","itemListElement":[{"@type":"ListItem","position":1,"name":"Home","item":"https:\/\/www.muehlauer-muller.at\/CMS\/"},{"@type":"ListItem","position":2,"name":"Willkommen auf unserer Homepage"}]},{"@type":"WebSite","@id":"https:\/\/www.muehlauer-muller.at\/CMS\/#website","url":"https:\/\/www.muehlauer-muller.at\/CMS\/","name":"M\u00fchlauer Muller","description":"Willkommen auf unserer Website","potentialAction":[{"@type":"SearchAction","target":{"@type":"EntryPoint","urlTemplate":"https:\/\/www.muehlauer-muller.at\/CMS\/?s={search_term_string}"},"query-input":{"@type":"PropertyValueSpecification","valueRequired":true,"valueName":"search_term_string"}}],"inLanguage":"de"}]}},"_links":{"self":[{"href":"https:\/\/www.muehlauer-muller.at\/CMS\/wp-json\/wp\/v2\/pages\/78","targetHints":{"allow":["GET"]}}],"collection":[{"href":"https:\/\/www.muehlauer-muller.at\/CMS\/wp-json\/wp\/v2\/pages"}],"about":[{"href":"https:\/\/www.muehlauer-muller.at\/CMS\/wp-json\/wp\/v2\/types\/page"}],"author":[{"embeddable":true,"href":"https:\/\/www.muehlauer-muller.at\/CMS\/wp-json\/wp\/v2\/users\/1"}],"replies":[{"embeddable":true,"href":"https:\/\/www.muehlauer-muller.at\/CMS\/wp-json\/wp\/v2\/comments?post=78"}],"version-history":[{"count":20,"href":"https:\/\/www.muehlauer-muller.at\/CMS\/wp-json\/wp\/v2\/pages\/78\/revisions"}],"predecessor-version":[{"id":695,"href":"https:\/\/www.muehlauer-muller.at\/CMS\/wp-json\/wp\/v2\/pages\/78\/revisions\/695"}],"wp:attachment":[{"href":"https:\/\/www.muehlauer-muller.at\/CMS\/wp-json\/wp\/v2\/media?parent=78"}],"curies":[{"name":"wp","href":"https:\/\/api.w.org\/{rel}","templated":true}]}}