{"id":7,"date":"2013-11-27T20:35:47","date_gmt":"2013-11-27T19:35:47","guid":{"rendered":"http:\/\/www.muehlauer-muller.at\/CMS\/?page_id=7"},"modified":"2014-06-03T14:43:26","modified_gmt":"2014-06-03T13:43:26","slug":"brauchtum","status":"publish","type":"page","link":"https:\/\/www.muehlauer-muller.at\/CMS\/brauchtum\/","title":{"rendered":"Brauchtum"},"content":{"rendered":"<p>Der Sinn des Brauches war seit jeher die Wintergeister und somit den Winter zu vertreiben und um Platz zu schaffen f\u00fcr das kommende Jahr. In den letzten<br \/>\nJahrhunderten wurde der Brauch des Mullen immer wieder den Gegebenheiten<br \/>\ndieser Zeit angepasst. Das hei\u00dft dass das Mullen ist lebendiger Brauch. Heute<br \/>\nerkennt man am Spiegeltuxer zum Beispiel, dass sein pr\u00e4chtiges B\u00fcschelrad, wie der Kopfschmuck im inneren des Aufbaues genannt wird, mit Spielhahnfedern umfasst ist. Die Spielhahnfedern sind heute sehr schwer zu bekommen und daher auch sehr teuer. Wie fr\u00fcher werden auch in der heutigen Zeit die Aufbauten des Spiegeltuxers als Spiegel des Reichtums seines Tr\u00e4gers verwendet nur fr\u00fcher waren nicht die Spielhahnfedern teuer und rar sondern die Pfauenfedern und das kann man an den sogenannten \u201eAltartuxern\u201c, wie die Spiegeltuxer damals genannt wurden, erkennen.<br \/>\nAuch gab es immer wieder Figuren welche verschwunden waren und wieder auftauchten. Wie zum Beispiel bei den Thaurer Mullern die vor einigen Jahren wieder den sogenannten Fleckerlzottler auf eine sehr Eindrucksvolle Weise aktiviert haben. Sein Gewandt besteht aus vielen Stoffflecken die entweder in eine bunte oder in eine farblich geordnete Art und Weise aufgen\u00e4ht wurde.<\/p>\n<p>An dieser Stelle sei auch die Initiative des Obmannes der Absamer Matschgerer<br \/>\nerw\u00e4hnenswert, der daf\u00fcr sorge tr\u00e4gt dass die Absamer \u201eWachszottler\u201c wieder ihreWachsfransen bekommen. Dadurch helfen die Absamer Matschgerer mit, dass eine Figur nicht in Vergessenheit ger\u00e4t. Diese Fransen werden nun in Eigenregie hergestellt, fr\u00fcher waren sie ein Abfallmaterial der alten Weberei in Absam. Man kann nun jedes einzelne Dorf rund um Innsbruck beobachten und erkennt, dass der Sinn dieses Brauches doch in allen irgendwie gleich ist jedoch die einzelnen Figuren sich sehr voneinander unterscheiden.<\/p>\n<p>Heute gibt es viele Gruppen die sich als Mullergruppen bezeichnen doch der<br \/>\nBegriff des Mullens w\u00e4re vom Gesichtspunkt der Geschichte nur jenen Gruppen<br \/>\nvorbehalten welche sich am Fu\u00dfe der Nordkette befinden, von H\u00f6tting \u00fcber die<br \/>\nMARTHA D\u00f6rfer bis Absam. In diesen D\u00f6rfern hat sich das Mullen am l\u00e4ngsten<br \/>\ngehalten und wurde am wenigsten ver\u00e4ndert.<br \/>\nDas Mullen oder Huttlerlaufen, wie es fr\u00fcher einmal genannt wurde, hat in den so genannten MARTHA D\u00f6rfern n\u00f6rdlich von Innsbruck, eine lange Tradition. Es ist schwer nachzuvollziehen, wann genau es seinen Ursprung fand. Einigen sprechen davon, dass es vom Mittelgebirge her \u00fcber Innsbruck, in ver\u00e4nderter Form zu den einzelnen D\u00f6rfern der heutigen D\u00f6rferlinie gekommen ist. Andere wiederum behaupten dass es direkt in den MARTHA D\u00f6rfern begonnen hat und es auch immer noch in dieser Form dort besteht. Man kann es drehen und wenden wie man m\u00f6chte, Tatsache ist dass das Fastnachtstreiben in der Gegend um Innsbruck eine ebenso lange Geschichte aufweisen kann wie alle anderen Br\u00e4uche.<\/p>\n","protected":false},"excerpt":{"rendered":"<p>Der Sinn des Brauches war seit jeher die Wintergeister und somit den Winter zu vertreiben und um Platz zu schaffen f\u00fcr das kommende Jahr. In den letzten Jahrhunderten wurde der Brauch des Mullen immer wieder den Gegebenheiten dieser Zeit angepasst. Das hei\u00dft dass das Mullen ist lebendiger Brauch. Heute erkennt man am Spiegeltuxer zum Beispiel, [&hellip;]<\/p>\n","protected":false},"author":1,"featured_media":0,"parent":0,"menu_order":0,"comment_status":"closed","ping_status":"closed","template":"","meta":{"footnotes":""},"class_list":["post-7","page","type-page","status-publish","hentry"],"yoast_head":"<!-- This site is optimized with the Yoast SEO plugin v26.6 - https:\/\/yoast.com\/wordpress\/plugins\/seo\/ -->\n<title>Brauchtum - M\u00fchlauer Muller<\/title>\n<meta name=\"robots\" content=\"index, follow, max-snippet:-1, max-image-preview:large, max-video-preview:-1\" \/>\n<link rel=\"canonical\" href=\"https:\/\/www.muehlauer-muller.at\/CMS\/brauchtum\/\" \/>\n<meta property=\"og:locale\" content=\"de_DE\" \/>\n<meta property=\"og:type\" content=\"article\" \/>\n<meta property=\"og:title\" content=\"Brauchtum - M\u00fchlauer Muller\" \/>\n<meta property=\"og:description\" content=\"Der Sinn des Brauches war seit jeher die Wintergeister und somit den Winter zu vertreiben und um Platz zu schaffen f\u00fcr das kommende Jahr. In den letzten Jahrhunderten wurde der Brauch des Mullen immer wieder den Gegebenheiten dieser Zeit angepasst. Das hei\u00dft dass das Mullen ist lebendiger Brauch. Heute erkennt man am Spiegeltuxer zum Beispiel, [&hellip;]\" \/>\n<meta property=\"og:url\" content=\"https:\/\/www.muehlauer-muller.at\/CMS\/brauchtum\/\" \/>\n<meta property=\"og:site_name\" content=\"M\u00fchlauer Muller\" \/>\n<meta property=\"article:modified_time\" content=\"2014-06-03T13:43:26+00:00\" \/>\n<meta name=\"twitter:label1\" content=\"Gesch\u00e4tzte Lesezeit\" \/>\n\t<meta name=\"twitter:data1\" content=\"2\u00a0Minuten\" \/>\n<script type=\"application\/ld+json\" class=\"yoast-schema-graph\">{\"@context\":\"https:\/\/schema.org\",\"@graph\":[{\"@type\":\"WebPage\",\"@id\":\"https:\/\/www.muehlauer-muller.at\/CMS\/brauchtum\/\",\"url\":\"https:\/\/www.muehlauer-muller.at\/CMS\/brauchtum\/\",\"name\":\"Brauchtum - M\u00fchlauer Muller\",\"isPartOf\":{\"@id\":\"https:\/\/www.muehlauer-muller.at\/CMS\/#website\"},\"datePublished\":\"2013-11-27T19:35:47+00:00\",\"dateModified\":\"2014-06-03T13:43:26+00:00\",\"breadcrumb\":{\"@id\":\"https:\/\/www.muehlauer-muller.at\/CMS\/brauchtum\/#breadcrumb\"},\"inLanguage\":\"de\",\"potentialAction\":[{\"@type\":\"ReadAction\",\"target\":[\"https:\/\/www.muehlauer-muller.at\/CMS\/brauchtum\/\"]}]},{\"@type\":\"BreadcrumbList\",\"@id\":\"https:\/\/www.muehlauer-muller.at\/CMS\/brauchtum\/#breadcrumb\",\"itemListElement\":[{\"@type\":\"ListItem\",\"position\":1,\"name\":\"Home\",\"item\":\"https:\/\/www.muehlauer-muller.at\/CMS\/\"},{\"@type\":\"ListItem\",\"position\":2,\"name\":\"Brauchtum\"}]},{\"@type\":\"WebSite\",\"@id\":\"https:\/\/www.muehlauer-muller.at\/CMS\/#website\",\"url\":\"https:\/\/www.muehlauer-muller.at\/CMS\/\",\"name\":\"M\u00fchlauer Muller\",\"description\":\"Willkommen auf unserer Website\",\"potentialAction\":[{\"@type\":\"SearchAction\",\"target\":{\"@type\":\"EntryPoint\",\"urlTemplate\":\"https:\/\/www.muehlauer-muller.at\/CMS\/?s={search_term_string}\"},\"query-input\":{\"@type\":\"PropertyValueSpecification\",\"valueRequired\":true,\"valueName\":\"search_term_string\"}}],\"inLanguage\":\"de\"}]}<\/script>\n<!-- \/ Yoast SEO plugin. -->","yoast_head_json":{"title":"Brauchtum - M\u00fchlauer Muller","robots":{"index":"index","follow":"follow","max-snippet":"max-snippet:-1","max-image-preview":"max-image-preview:large","max-video-preview":"max-video-preview:-1"},"canonical":"https:\/\/www.muehlauer-muller.at\/CMS\/brauchtum\/","og_locale":"de_DE","og_type":"article","og_title":"Brauchtum - M\u00fchlauer Muller","og_description":"Der Sinn des Brauches war seit jeher die Wintergeister und somit den Winter zu vertreiben und um Platz zu schaffen f\u00fcr das kommende Jahr. In den letzten Jahrhunderten wurde der Brauch des Mullen immer wieder den Gegebenheiten dieser Zeit angepasst. Das hei\u00dft dass das Mullen ist lebendiger Brauch. Heute erkennt man am Spiegeltuxer zum Beispiel, [&hellip;]","og_url":"https:\/\/www.muehlauer-muller.at\/CMS\/brauchtum\/","og_site_name":"M\u00fchlauer Muller","article_modified_time":"2014-06-03T13:43:26+00:00","twitter_misc":{"Gesch\u00e4tzte Lesezeit":"2\u00a0Minuten"},"schema":{"@context":"https:\/\/schema.org","@graph":[{"@type":"WebPage","@id":"https:\/\/www.muehlauer-muller.at\/CMS\/brauchtum\/","url":"https:\/\/www.muehlauer-muller.at\/CMS\/brauchtum\/","name":"Brauchtum - M\u00fchlauer Muller","isPartOf":{"@id":"https:\/\/www.muehlauer-muller.at\/CMS\/#website"},"datePublished":"2013-11-27T19:35:47+00:00","dateModified":"2014-06-03T13:43:26+00:00","breadcrumb":{"@id":"https:\/\/www.muehlauer-muller.at\/CMS\/brauchtum\/#breadcrumb"},"inLanguage":"de","potentialAction":[{"@type":"ReadAction","target":["https:\/\/www.muehlauer-muller.at\/CMS\/brauchtum\/"]}]},{"@type":"BreadcrumbList","@id":"https:\/\/www.muehlauer-muller.at\/CMS\/brauchtum\/#breadcrumb","itemListElement":[{"@type":"ListItem","position":1,"name":"Home","item":"https:\/\/www.muehlauer-muller.at\/CMS\/"},{"@type":"ListItem","position":2,"name":"Brauchtum"}]},{"@type":"WebSite","@id":"https:\/\/www.muehlauer-muller.at\/CMS\/#website","url":"https:\/\/www.muehlauer-muller.at\/CMS\/","name":"M\u00fchlauer Muller","description":"Willkommen auf unserer Website","potentialAction":[{"@type":"SearchAction","target":{"@type":"EntryPoint","urlTemplate":"https:\/\/www.muehlauer-muller.at\/CMS\/?s={search_term_string}"},"query-input":{"@type":"PropertyValueSpecification","valueRequired":true,"valueName":"search_term_string"}}],"inLanguage":"de"}]}},"_links":{"self":[{"href":"https:\/\/www.muehlauer-muller.at\/CMS\/wp-json\/wp\/v2\/pages\/7","targetHints":{"allow":["GET"]}}],"collection":[{"href":"https:\/\/www.muehlauer-muller.at\/CMS\/wp-json\/wp\/v2\/pages"}],"about":[{"href":"https:\/\/www.muehlauer-muller.at\/CMS\/wp-json\/wp\/v2\/types\/page"}],"author":[{"embeddable":true,"href":"https:\/\/www.muehlauer-muller.at\/CMS\/wp-json\/wp\/v2\/users\/1"}],"replies":[{"embeddable":true,"href":"https:\/\/www.muehlauer-muller.at\/CMS\/wp-json\/wp\/v2\/comments?post=7"}],"version-history":[{"count":3,"href":"https:\/\/www.muehlauer-muller.at\/CMS\/wp-json\/wp\/v2\/pages\/7\/revisions"}],"predecessor-version":[{"id":160,"href":"https:\/\/www.muehlauer-muller.at\/CMS\/wp-json\/wp\/v2\/pages\/7\/revisions\/160"}],"wp:attachment":[{"href":"https:\/\/www.muehlauer-muller.at\/CMS\/wp-json\/wp\/v2\/media?parent=7"}],"curies":[{"name":"wp","href":"https:\/\/api.w.org\/{rel}","templated":true}]}}