{"id":398,"date":"2018-10-20T18:08:45","date_gmt":"2018-10-20T17:08:45","guid":{"rendered":"http:\/\/www.muehlauer-muller.at\/CMS\/?page_id=398"},"modified":"2025-01-06T10:31:15","modified_gmt":"2025-01-06T09:31:15","slug":"aktuelles","status":"publish","type":"page","link":"https:\/\/www.muehlauer-muller.at\/CMS\/aktuelles\/","title":{"rendered":"Beitr\u00e4ge"},"content":{"rendered":"<div id=\"fb-root\"><\/div>\n<p><script async defer crossorigin=\"anonymous\" src=\"https:\/\/connect.facebook.net\/de_DE\/sdk.js#xfbml=1&#038;version=v21.0\"><\/script><\/p>\n<div class=\"fb-page\" data-href=\"https:\/\/www.facebook.com\/muehlauermuller\/\" data-tabs=\"timeline\" data-width=\"\" data-height=\"\" data-small-header=\"false\" data-adapt-container-width=\"true\" data-hide-cover=\"false\" data-show-facepile=\"false\">\n<blockquote cite=\"https:\/\/www.facebook.com\/muehlauermuller\/\" class=\"fb-xfbml-parse-ignore\"><p><a href=\"https:\/\/www.facebook.com\/muehlauermuller\/\">M\u00fchlauer Muller<\/a><\/p><\/blockquote>\n<\/div>\n<p>Weitere Beitr\u00e4ge finden Sie auf unserer <a href=\"https:\/\/www.facebook.com\/M\u00fchlauer-Muller-307246025990803\/\">Facebook Seite<\/a>!<\/p>\n<p>Unsere alten Beitr\u00e4ge finden sie <a href=\"https:\/\/www.muehlauer-muller.at\/CMS\/category\/beitraege\/\">hier<\/a>!<\/p>\n","protected":false},"excerpt":{"rendered":"<p>M\u00fchlauer Muller Weitere Beitr\u00e4ge finden Sie auf unserer Facebook Seite! Unsere alten Beitr\u00e4ge finden sie hier!<\/p>\n","protected":false},"author":1,"featured_media":0,"parent":0,"menu_order":0,"comment_status":"closed","ping_status":"closed","template":"","meta":{"footnotes":""},"class_list":["post-398","page","type-page","status-publish","hentry"],"yoast_head":"<!-- This site is optimized with the Yoast SEO plugin v26.6 - https:\/\/yoast.com\/wordpress\/plugins\/seo\/ -->\n<title>Beitr\u00e4ge - M\u00fchlauer Muller<\/title>\n<meta name=\"robots\" content=\"index, follow, max-snippet:-1, max-image-preview:large, max-video-preview:-1\" \/>\n<link rel=\"canonical\" href=\"https:\/\/www.muehlauer-muller.at\/CMS\/aktuelles\/\" \/>\n<meta property=\"og:locale\" content=\"de_DE\" \/>\n<meta property=\"og:type\" content=\"article\" \/>\n<meta property=\"og:title\" content=\"Beitr\u00e4ge - M\u00fchlauer Muller\" \/>\n<meta property=\"og:description\" content=\"M\u00fchlauer Muller Weitere Beitr\u00e4ge finden Sie auf unserer Facebook Seite! Unsere alten Beitr\u00e4ge finden sie hier!\" \/>\n<meta property=\"og:url\" content=\"https:\/\/www.muehlauer-muller.at\/CMS\/aktuelles\/\" \/>\n<meta property=\"og:site_name\" content=\"M\u00fchlauer Muller\" \/>\n<meta property=\"article:modified_time\" content=\"2025-01-06T09:31:15+00:00\" \/>\n<meta name=\"twitter:label1\" content=\"Gesch\u00e4tzte Lesezeit\" \/>\n\t<meta name=\"twitter:data1\" content=\"1\u00a0Minute\" \/>\n<script type=\"application\/ld+json\" class=\"yoast-schema-graph\">{\"@context\":\"https:\/\/schema.org\",\"@graph\":[{\"@type\":\"WebPage\",\"@id\":\"https:\/\/www.muehlauer-muller.at\/CMS\/aktuelles\/\",\"url\":\"https:\/\/www.muehlauer-muller.at\/CMS\/aktuelles\/\",\"name\":\"Beitr\u00e4ge - M\u00fchlauer Muller\",\"isPartOf\":{\"@id\":\"https:\/\/www.muehlauer-muller.at\/CMS\/#website\"},\"datePublished\":\"2018-10-20T17:08:45+00:00\",\"dateModified\":\"2025-01-06T09:31:15+00:00\",\"breadcrumb\":{\"@id\":\"https:\/\/www.muehlauer-muller.at\/CMS\/aktuelles\/#breadcrumb\"},\"inLanguage\":\"de\",\"potentialAction\":[{\"@type\":\"ReadAction\",\"target\":[\"https:\/\/www.muehlauer-muller.at\/CMS\/aktuelles\/\"]}]},{\"@type\":\"BreadcrumbList\",\"@id\":\"https:\/\/www.muehlauer-muller.at\/CMS\/aktuelles\/#breadcrumb\",\"itemListElement\":[{\"@type\":\"ListItem\",\"position\":1,\"name\":\"Home\",\"item\":\"https:\/\/www.muehlauer-muller.at\/CMS\/\"},{\"@type\":\"ListItem\",\"position\":2,\"name\":\"Beitr\u00e4ge\"}]},{\"@type\":\"WebSite\",\"@id\":\"https:\/\/www.muehlauer-muller.at\/CMS\/#website\",\"url\":\"https:\/\/www.muehlauer-muller.at\/CMS\/\",\"name\":\"M\u00fchlauer Muller\",\"description\":\"Willkommen auf unserer Website\",\"potentialAction\":[{\"@type\":\"SearchAction\",\"target\":{\"@type\":\"EntryPoint\",\"urlTemplate\":\"https:\/\/www.muehlauer-muller.at\/CMS\/?s={search_term_string}\"},\"query-input\":{\"@type\":\"PropertyValueSpecification\",\"valueRequired\":true,\"valueName\":\"search_term_string\"}}],\"inLanguage\":\"de\"}]}<\/script>\n<!-- \/ Yoast SEO plugin. -->","yoast_head_json":{"title":"Beitr\u00e4ge - M\u00fchlauer Muller","robots":{"index":"index","follow":"follow","max-snippet":"max-snippet:-1","max-image-preview":"max-image-preview:large","max-video-preview":"max-video-preview:-1"},"canonical":"https:\/\/www.muehlauer-muller.at\/CMS\/aktuelles\/","og_locale":"de_DE","og_type":"article","og_title":"Beitr\u00e4ge - M\u00fchlauer Muller","og_description":"M\u00fchlauer Muller Weitere Beitr\u00e4ge finden Sie auf unserer Facebook Seite! Unsere alten Beitr\u00e4ge finden sie hier!","og_url":"https:\/\/www.muehlauer-muller.at\/CMS\/aktuelles\/","og_site_name":"M\u00fchlauer Muller","article_modified_time":"2025-01-06T09:31:15+00:00","twitter_misc":{"Gesch\u00e4tzte Lesezeit":"1\u00a0Minute"},"schema":{"@context":"https:\/\/schema.org","@graph":[{"@type":"WebPage","@id":"https:\/\/www.muehlauer-muller.at\/CMS\/aktuelles\/","url":"https:\/\/www.muehlauer-muller.at\/CMS\/aktuelles\/","name":"Beitr\u00e4ge - M\u00fchlauer Muller","isPartOf":{"@id":"https:\/\/www.muehlauer-muller.at\/CMS\/#website"},"datePublished":"2018-10-20T17:08:45+00:00","dateModified":"2025-01-06T09:31:15+00:00","breadcrumb":{"@id":"https:\/\/www.muehlauer-muller.at\/CMS\/aktuelles\/#breadcrumb"},"inLanguage":"de","potentialAction":[{"@type":"ReadAction","target":["https:\/\/www.muehlauer-muller.at\/CMS\/aktuelles\/"]}]},{"@type":"BreadcrumbList","@id":"https:\/\/www.muehlauer-muller.at\/CMS\/aktuelles\/#breadcrumb","itemListElement":[{"@type":"ListItem","position":1,"name":"Home","item":"https:\/\/www.muehlauer-muller.at\/CMS\/"},{"@type":"ListItem","position":2,"name":"Beitr\u00e4ge"}]},{"@type":"WebSite","@id":"https:\/\/www.muehlauer-muller.at\/CMS\/#website","url":"https:\/\/www.muehlauer-muller.at\/CMS\/","name":"M\u00fchlauer Muller","description":"Willkommen auf unserer Website","potentialAction":[{"@type":"SearchAction","target":{"@type":"EntryPoint","urlTemplate":"https:\/\/www.muehlauer-muller.at\/CMS\/?s={search_term_string}"},"query-input":{"@type":"PropertyValueSpecification","valueRequired":true,"valueName":"search_term_string"}}],"inLanguage":"de"}]}},"_links":{"self":[{"href":"https:\/\/www.muehlauer-muller.at\/CMS\/wp-json\/wp\/v2\/pages\/398","targetHints":{"allow":["GET"]}}],"collection":[{"href":"https:\/\/www.muehlauer-muller.at\/CMS\/wp-json\/wp\/v2\/pages"}],"about":[{"href":"https:\/\/www.muehlauer-muller.at\/CMS\/wp-json\/wp\/v2\/types\/page"}],"author":[{"embeddable":true,"href":"https:\/\/www.muehlauer-muller.at\/CMS\/wp-json\/wp\/v2\/users\/1"}],"replies":[{"embeddable":true,"href":"https:\/\/www.muehlauer-muller.at\/CMS\/wp-json\/wp\/v2\/comments?post=398"}],"version-history":[{"count":18,"href":"https:\/\/www.muehlauer-muller.at\/CMS\/wp-json\/wp\/v2\/pages\/398\/revisions"}],"predecessor-version":[{"id":631,"href":"https:\/\/www.muehlauer-muller.at\/CMS\/wp-json\/wp\/v2\/pages\/398\/revisions\/631"}],"wp:attachment":[{"href":"https:\/\/www.muehlauer-muller.at\/CMS\/wp-json\/wp\/v2\/media?parent=398"}],"curies":[{"name":"wp","href":"https:\/\/api.w.org\/{rel}","templated":true}]}}