{"id":105,"date":"2014-01-23T11:41:59","date_gmt":"2014-01-23T10:41:59","guid":{"rendered":"http:\/\/www.muehlauer-muller.at\/CMS\/?page_id=105"},"modified":"2022-10-26T16:16:12","modified_gmt":"2022-10-26T15:16:12","slug":"der-verein","status":"publish","type":"page","link":"https:\/\/www.muehlauer-muller.at\/CMS\/der-verein\/","title":{"rendered":"der Verein"},"content":{"rendered":"<p>Die Brauchtumsgruppe M\u00fchlau umfasst derzeit 48 Aktive, 7 \u00dcnterst\u00fctzende und 8 Jungmuller.<\/p>\n<p>Gruppenfoto:<\/p>\n<p><a href=\"https:\/\/www.muehlauer-muller.at\/CMS\/wp-content\/uploads\/2015\/11\/10997372_792676017447799_6876004662629976448_n.jpg\"><img loading=\"lazy\" decoding=\"async\" class=\"alignleft wp-image-316 size-full\" src=\"https:\/\/www.muehlauer-muller.at\/CMS\/wp-content\/uploads\/2015\/11\/10997372_792676017447799_6876004662629976448_n.jpg\" alt=\"10997372_792676017447799_6876004662629976448_n\" width=\"960\" height=\"720\" \/><\/a><\/p>\n<p><span style=\"text-decoration: underline;\">Ausschuss:<\/span><\/p>\n<p>Obmann: Markus Kapferer<\/p>\n<p>Obmann Stellvertreter: Marcel Schobesberger<\/p>\n<p>Schriftf\u00fchrer: Dennis Mayr<\/p>\n<p>Kassier: Lukas Hell<\/p>\n<p>Jugendbetreuer: Thomas Winterle<\/p>\n<p>Zeugwart: Philip Kapferer<\/p>\n","protected":false},"excerpt":{"rendered":"<p>Die Brauchtumsgruppe M\u00fchlau umfasst derzeit 48 Aktive, 7 \u00dcnterst\u00fctzende und 8 Jungmuller. Gruppenfoto: Ausschuss: Obmann: Markus Kapferer Obmann Stellvertreter: Marcel Schobesberger Schriftf\u00fchrer: Dennis Mayr Kassier: Lukas Hell Jugendbetreuer: Thomas Winterle Zeugwart: Philip Kapferer<\/p>\n","protected":false},"author":1,"featured_media":0,"parent":0,"menu_order":0,"comment_status":"closed","ping_status":"closed","template":"","meta":{"footnotes":""},"class_list":["post-105","page","type-page","status-publish","hentry"],"yoast_head":"<!-- This site is optimized with the Yoast SEO plugin v26.6 - https:\/\/yoast.com\/wordpress\/plugins\/seo\/ -->\n<title>der Verein - M\u00fchlauer Muller<\/title>\n<meta name=\"robots\" content=\"index, follow, max-snippet:-1, max-image-preview:large, max-video-preview:-1\" \/>\n<link rel=\"canonical\" href=\"https:\/\/www.muehlauer-muller.at\/CMS\/der-verein\/\" \/>\n<meta property=\"og:locale\" content=\"de_DE\" \/>\n<meta property=\"og:type\" content=\"article\" \/>\n<meta property=\"og:title\" content=\"der Verein - M\u00fchlauer Muller\" \/>\n<meta property=\"og:description\" content=\"Die Brauchtumsgruppe M\u00fchlau umfasst derzeit 48 Aktive, 7 \u00dcnterst\u00fctzende und 8 Jungmuller. Gruppenfoto: Ausschuss: Obmann: Markus Kapferer Obmann Stellvertreter: Marcel Schobesberger Schriftf\u00fchrer: Dennis Mayr Kassier: Lukas Hell Jugendbetreuer: Thomas Winterle Zeugwart: Philip Kapferer\" \/>\n<meta property=\"og:url\" content=\"https:\/\/www.muehlauer-muller.at\/CMS\/der-verein\/\" \/>\n<meta property=\"og:site_name\" content=\"M\u00fchlauer Muller\" \/>\n<meta property=\"article:modified_time\" content=\"2022-10-26T15:16:12+00:00\" \/>\n<meta property=\"og:image\" content=\"http:\/\/www.muehlauer-muller.at\/CMS\/wp-content\/uploads\/2015\/11\/10997372_792676017447799_6876004662629976448_n.jpg\" \/>\n<meta name=\"twitter:label1\" content=\"Gesch\u00e4tzte Lesezeit\" \/>\n\t<meta name=\"twitter:data1\" content=\"1\u00a0Minute\" \/>\n<script type=\"application\/ld+json\" class=\"yoast-schema-graph\">{\"@context\":\"https:\/\/schema.org\",\"@graph\":[{\"@type\":\"WebPage\",\"@id\":\"https:\/\/www.muehlauer-muller.at\/CMS\/der-verein\/\",\"url\":\"https:\/\/www.muehlauer-muller.at\/CMS\/der-verein\/\",\"name\":\"der Verein - M\u00fchlauer Muller\",\"isPartOf\":{\"@id\":\"https:\/\/www.muehlauer-muller.at\/CMS\/#website\"},\"primaryImageOfPage\":{\"@id\":\"https:\/\/www.muehlauer-muller.at\/CMS\/der-verein\/#primaryimage\"},\"image\":{\"@id\":\"https:\/\/www.muehlauer-muller.at\/CMS\/der-verein\/#primaryimage\"},\"thumbnailUrl\":\"http:\/\/www.muehlauer-muller.at\/CMS\/wp-content\/uploads\/2015\/11\/10997372_792676017447799_6876004662629976448_n.jpg\",\"datePublished\":\"2014-01-23T10:41:59+00:00\",\"dateModified\":\"2022-10-26T15:16:12+00:00\",\"breadcrumb\":{\"@id\":\"https:\/\/www.muehlauer-muller.at\/CMS\/der-verein\/#breadcrumb\"},\"inLanguage\":\"de\",\"potentialAction\":[{\"@type\":\"ReadAction\",\"target\":[\"https:\/\/www.muehlauer-muller.at\/CMS\/der-verein\/\"]}]},{\"@type\":\"ImageObject\",\"inLanguage\":\"de\",\"@id\":\"https:\/\/www.muehlauer-muller.at\/CMS\/der-verein\/#primaryimage\",\"url\":\"http:\/\/www.muehlauer-muller.at\/CMS\/wp-content\/uploads\/2015\/11\/10997372_792676017447799_6876004662629976448_n.jpg\",\"contentUrl\":\"http:\/\/www.muehlauer-muller.at\/CMS\/wp-content\/uploads\/2015\/11\/10997372_792676017447799_6876004662629976448_n.jpg\"},{\"@type\":\"BreadcrumbList\",\"@id\":\"https:\/\/www.muehlauer-muller.at\/CMS\/der-verein\/#breadcrumb\",\"itemListElement\":[{\"@type\":\"ListItem\",\"position\":1,\"name\":\"Home\",\"item\":\"https:\/\/www.muehlauer-muller.at\/CMS\/\"},{\"@type\":\"ListItem\",\"position\":2,\"name\":\"der Verein\"}]},{\"@type\":\"WebSite\",\"@id\":\"https:\/\/www.muehlauer-muller.at\/CMS\/#website\",\"url\":\"https:\/\/www.muehlauer-muller.at\/CMS\/\",\"name\":\"M\u00fchlauer Muller\",\"description\":\"Willkommen auf unserer Website\",\"potentialAction\":[{\"@type\":\"SearchAction\",\"target\":{\"@type\":\"EntryPoint\",\"urlTemplate\":\"https:\/\/www.muehlauer-muller.at\/CMS\/?s={search_term_string}\"},\"query-input\":{\"@type\":\"PropertyValueSpecification\",\"valueRequired\":true,\"valueName\":\"search_term_string\"}}],\"inLanguage\":\"de\"}]}<\/script>\n<!-- \/ Yoast SEO plugin. -->","yoast_head_json":{"title":"der Verein - M\u00fchlauer Muller","robots":{"index":"index","follow":"follow","max-snippet":"max-snippet:-1","max-image-preview":"max-image-preview:large","max-video-preview":"max-video-preview:-1"},"canonical":"https:\/\/www.muehlauer-muller.at\/CMS\/der-verein\/","og_locale":"de_DE","og_type":"article","og_title":"der Verein - M\u00fchlauer Muller","og_description":"Die Brauchtumsgruppe M\u00fchlau umfasst derzeit 48 Aktive, 7 \u00dcnterst\u00fctzende und 8 Jungmuller. Gruppenfoto: Ausschuss: Obmann: Markus Kapferer Obmann Stellvertreter: Marcel Schobesberger Schriftf\u00fchrer: Dennis Mayr Kassier: Lukas Hell Jugendbetreuer: Thomas Winterle Zeugwart: Philip Kapferer","og_url":"https:\/\/www.muehlauer-muller.at\/CMS\/der-verein\/","og_site_name":"M\u00fchlauer Muller","article_modified_time":"2022-10-26T15:16:12+00:00","og_image":[{"url":"http:\/\/www.muehlauer-muller.at\/CMS\/wp-content\/uploads\/2015\/11\/10997372_792676017447799_6876004662629976448_n.jpg","type":"","width":"","height":""}],"twitter_misc":{"Gesch\u00e4tzte Lesezeit":"1\u00a0Minute"},"schema":{"@context":"https:\/\/schema.org","@graph":[{"@type":"WebPage","@id":"https:\/\/www.muehlauer-muller.at\/CMS\/der-verein\/","url":"https:\/\/www.muehlauer-muller.at\/CMS\/der-verein\/","name":"der Verein - M\u00fchlauer Muller","isPartOf":{"@id":"https:\/\/www.muehlauer-muller.at\/CMS\/#website"},"primaryImageOfPage":{"@id":"https:\/\/www.muehlauer-muller.at\/CMS\/der-verein\/#primaryimage"},"image":{"@id":"https:\/\/www.muehlauer-muller.at\/CMS\/der-verein\/#primaryimage"},"thumbnailUrl":"http:\/\/www.muehlauer-muller.at\/CMS\/wp-content\/uploads\/2015\/11\/10997372_792676017447799_6876004662629976448_n.jpg","datePublished":"2014-01-23T10:41:59+00:00","dateModified":"2022-10-26T15:16:12+00:00","breadcrumb":{"@id":"https:\/\/www.muehlauer-muller.at\/CMS\/der-verein\/#breadcrumb"},"inLanguage":"de","potentialAction":[{"@type":"ReadAction","target":["https:\/\/www.muehlauer-muller.at\/CMS\/der-verein\/"]}]},{"@type":"ImageObject","inLanguage":"de","@id":"https:\/\/www.muehlauer-muller.at\/CMS\/der-verein\/#primaryimage","url":"http:\/\/www.muehlauer-muller.at\/CMS\/wp-content\/uploads\/2015\/11\/10997372_792676017447799_6876004662629976448_n.jpg","contentUrl":"http:\/\/www.muehlauer-muller.at\/CMS\/wp-content\/uploads\/2015\/11\/10997372_792676017447799_6876004662629976448_n.jpg"},{"@type":"BreadcrumbList","@id":"https:\/\/www.muehlauer-muller.at\/CMS\/der-verein\/#breadcrumb","itemListElement":[{"@type":"ListItem","position":1,"name":"Home","item":"https:\/\/www.muehlauer-muller.at\/CMS\/"},{"@type":"ListItem","position":2,"name":"der Verein"}]},{"@type":"WebSite","@id":"https:\/\/www.muehlauer-muller.at\/CMS\/#website","url":"https:\/\/www.muehlauer-muller.at\/CMS\/","name":"M\u00fchlauer Muller","description":"Willkommen auf unserer Website","potentialAction":[{"@type":"SearchAction","target":{"@type":"EntryPoint","urlTemplate":"https:\/\/www.muehlauer-muller.at\/CMS\/?s={search_term_string}"},"query-input":{"@type":"PropertyValueSpecification","valueRequired":true,"valueName":"search_term_string"}}],"inLanguage":"de"}]}},"_links":{"self":[{"href":"https:\/\/www.muehlauer-muller.at\/CMS\/wp-json\/wp\/v2\/pages\/105","targetHints":{"allow":["GET"]}}],"collection":[{"href":"https:\/\/www.muehlauer-muller.at\/CMS\/wp-json\/wp\/v2\/pages"}],"about":[{"href":"https:\/\/www.muehlauer-muller.at\/CMS\/wp-json\/wp\/v2\/types\/page"}],"author":[{"embeddable":true,"href":"https:\/\/www.muehlauer-muller.at\/CMS\/wp-json\/wp\/v2\/users\/1"}],"replies":[{"embeddable":true,"href":"https:\/\/www.muehlauer-muller.at\/CMS\/wp-json\/wp\/v2\/comments?post=105"}],"version-history":[{"count":16,"href":"https:\/\/www.muehlauer-muller.at\/CMS\/wp-json\/wp\/v2\/pages\/105\/revisions"}],"predecessor-version":[{"id":614,"href":"https:\/\/www.muehlauer-muller.at\/CMS\/wp-json\/wp\/v2\/pages\/105\/revisions\/614"}],"wp:attachment":[{"href":"https:\/\/www.muehlauer-muller.at\/CMS\/wp-json\/wp\/v2\/media?parent=105"}],"curies":[{"name":"wp","href":"https:\/\/api.w.org\/{rel}","templated":true}]}}